{"id":12308,"date":"2013-05-31T11:56:39","date_gmt":"2013-05-31T09:56:39","guid":{"rendered":"https:\/\/www.onaccent.com\/contacto\/"},"modified":"2023-10-27T18:49:13","modified_gmt":"2023-10-27T16:49:13","slug":"contacte","status":"publish","type":"page","link":"https:\/\/www.onaccent.com\/ca\/contacte\/","title":{"rendered":"Contacte"},"content":{"rendered":"<section class=\"l-section wpb_row us_custom_a518f36e us_animate_this height_custom\"><div class=\"l-section-h i-cf\"><div class=\"g-cols vc_row via_flex valign_top type_default stacking_default\" style=\"--additional-gap:10px;\"><div class=\"vc_col-sm-8 wpb_column vc_column_container\"><div class=\"vc_column-inner\"><div class=\"wpb_wrapper\"><div class=\"wpb_text_column us_custom_9ba2e63e us_animate_this\"><div class=\"wpb_wrapper\"><h3>Ens coneixem?<\/h3>\n<\/div><\/div><div class=\"wpb_text_column us_custom_c25fdc10 us_animate_this\"><div class=\"wpb_wrapper\"><p>Ens haur\u00edem de con\u00e8ixer, parlar, saber el que fas i mostrar-te el que fem. Ens interessen els teus projectes, les teves inquietuds, la curiositat ens mata.<br \/>\nTenim aquest tipus d&#8217;esperit ingenu que ens anima a saber, descobrir, escoltar, investigar, enamorar-nos, implicar-nos en qualsevol aventura nova i, si vols, estarem encantats d&#8217;ajudar-te i acompanyar-te amb la nostra experi\u00e8ncia i les nostres idees.<\/p>\n<\/div><\/div><form class=\"w-form  us-field-style_1 us_custom_5bbdba11 us_animate_this layout_ver show_message_after_sending for_cform us_form_1\" action=\"https:\/\/www.onaccent.com\/ca\/wp-json\/wp\/v2\/pages\/12308\" method=\"post\"><div class=\"w-form-h\"><div class=\"w-form-row for_text has_label\">\r\n\t\t\t<div class=\"w-form-row-label\">\r\n\t\t\t<span>El teu nom<\/span>\r\n\t\t<\/div>\r\n\t\t<div class=\"w-form-row-field\">\r\n\t\t\t\t\t\t<input aria-label=\"El teu nom\" type=\"text\" name=\"us_form_1_text_1\" value placeholder\/>\r\n\t\t\t<\/div>\r\n\t\t<div class=\"w-form-row-state\">Fill out this field<\/div>\r\n<\/div>\r\n<div class=\"w-form-row for_email has_label required\">\r\n\t\t\t<div class=\"w-form-row-label\">\r\n\t\t\t<span>Email *<\/span>\r\n\t\t<\/div>\r\n\t\t<div class=\"w-form-row-field\">\r\n\t\t\t\t\t\t<input aria-label=\"Email\" type=\"email\" name=\"us_form_1_email_1\" value placeholder data-required=\"true\" aria-required=\"true\"\/>\r\n\t\t\t<\/div>\r\n\t\t<div class=\"w-form-row-state\">Introdu\u00efu una adre\u00e7a electr\u00f2nica v\u00e0lida.<\/div>\r\n<\/div>\r\n<div class=\"w-form-row for_textarea has_label required\">\r\n\t\t\t<div class=\"w-form-row-label\">\r\n\t\t\t<span>Missatge *<\/span>\r\n\t\t<\/div>\r\n\t\t<div class=\"w-form-row-field\">\r\n\t\t\t\t\t\t<textarea aria-label=\"Missatge\" name=\"us_form_1_textarea_1\" placeholder data-required=\"true\" aria-required=\"true\"><\/textarea>\r\n\t\t\t<\/div>\r\n\t\t<div class=\"w-form-row-state\">Fill out this field<\/div>\r\n<\/div>\r\n<div class=\"w-form-row for_agreement required\">\r\n\t\t<div class=\"w-form-row-field\">\r\n\t\t\t\t<label>\r\n\t\t\t<input type=\"checkbox\" value=\"1\" data-required=\"true\" aria-required=\"true\" name=\"us_form_1_agreement_1\"\/>\r\n\t\t\t<span>He llegit i accepto les condicions de privacitat.<\/span>\r\n\t\t<\/label>\r\n\t\t\t<\/div>\r\n\t\t<div class=\"w-form-row-state\">You need to agree with the terms to proceed<\/div>\r\n<\/div>\r\n<input type=\"hidden\" name=\"action\" value=\"us_ajax_cform\" \/>\r\n<input type=\"hidden\" name=\"post_id\" value=\"0\" \/>\r\n<input type=\"hidden\" name=\"form_index\" value=\"1\" \/>\r\n<div class=\"w-form-row for_submit align_left\"><button class=\"w-btn us-btn-style_1\" type=\"submit\" aria-label=\"Envia\"><span class=\"g-preloader type_1\"><\/span><span class=\"w-btn-label\">Envia<\/span><\/button><\/div><\/div><div class=\"w-form-message\"><\/div><div class=\"w-form-json hidden\" onclick='return {&quot;ajaxurl&quot;:&quot;https:\\\/\\\/www.onaccent.com\\\/wp-admin\\\/admin-ajax.php&quot;,&quot;messages&quot;:{&quot;err_empty&quot;:&quot;Fill out this field&quot;,&quot;err_size&quot;:&quot;File size cannot exceed %s MB&quot;,&quot;err_extension&quot;:&quot;%s file type is not Totowed&quot;,&quot;err_recaptcha_keys&quot;:&quot;reCAPTCHA keys are incorrect&quot;}}'><\/div><\/form><div class=\"wpb_text_column us_custom_8efc62e0 us_animate_this\"><div class=\"wpb_wrapper\"><p>Gestionem la informaci\u00f3 que ens proporciona amb el prop\u00f2sit de brindar-li el servei que ha sol\u00b7licitat. Les dades que ens subministri seran conservades durant el temps que duri la nostra relaci\u00f3 comercial o el per\u00edode necessari per complir les obligacions legals aplicables. Les vostres dades no seran compartides amb tercers, excepte en situacions on hi hagi una obligaci\u00f3 legal. Podeu obtenir informaci\u00f3 addicional sobre com fem servir les vostres dades a l&#8217;apartat d&#8217;<a href=\"https:\/\/www.onaccent.com\/ca\/informacio-legal\/\"><strong>Informaci\u00f3 legal<\/strong><\/a>.<\/p>\n<\/div><\/div><\/div><\/div><\/div><div class=\"vc_col-sm-4 wpb_column vc_column_container\"><div class=\"vc_column-inner us_custom_47474b22 us_animate_this\"><div class=\"wpb_wrapper\"><div class=\"wpb_text_column us_custom_4b04c4d1 us_animate_this\"><div class=\"wpb_wrapper\"><h3>Contacte<\/h3>\n<\/div><\/div><div class=\"w-iconbox us_custom_d394e256 us_animate_this iconpos_left style_default color_contrast align_left no_text\"><div class=\"w-iconbox-icon\" style=\"font-size:30px;\"><i class=\"far fa-map-marker-alt\"><\/i><\/div><div class=\"w-iconbox-meta\"><div class=\"w-iconbox-title\">Pla\u00e7a de la Vila, 36 A. 07450 Santa Margalida (Mallorca) Illes Balears.<\/div><\/div><\/div><div class=\"w-iconbox us_custom_4a768457 us_animate_this iconpos_left style_default color_contrast align_left no_text\"><div class=\"w-iconbox-icon\" style=\"font-size:30px;\"><i class=\"far fa-phone\"><\/i><\/div><div class=\"w-iconbox-meta\"><div class=\"w-iconbox-title\">+34 971 85 62 25<\/div><\/div><\/div><div class=\"w-iconbox us_custom_2aea1653 us_animate_this iconpos_left style_default color_contrast align_left no_text\"><a href=\"mailto:hola@onaccent.com\" class=\"w-iconbox-link\" aria-label=\"hola@onaccent.com\"><div class=\"w-iconbox-icon\" style=\"font-size:30px;\"><i class=\"far fa-envelope\"><\/i><\/div><\/a><div class=\"w-iconbox-meta\"><div class=\"w-iconbox-title\"><a href=\"mailto:hola@onaccent.com\" class=\"w-iconbox-link\" aria-label=\"hola@onaccent.com\">hola@onaccent.com<\/a><\/div><\/div><\/div><div class=\"wpb_text_column us_custom_411e5616 us_animate_this\"><div class=\"wpb_wrapper\"><h3>Segueix-nos<\/h3>\n<\/div><\/div><div class=\"w-socials us_custom_557c86e7 us_animate_this color_link shape_none\" style=\"--gap:0.5em;\"><div class=\"w-socials-list\"><div class=\"w-socials-item instagram\"><a target=\"_blank\" rel=\"nofollow\" href=\"https:\/\/www.instagram.com\/on_accent\/\" class=\"w-socials-item-link\" aria-label=\"Instagram\"><span class=\"w-socials-item-link-hover\"><\/span><i class=\"fab fa-instagram\"><\/i><\/a><\/div><div class=\"w-socials-item facebook\"><a target=\"_blank\" rel=\"nofollow\" href=\"https:\/\/www.facebook.com\/onaccent\" class=\"w-socials-item-link\" aria-label=\"Facebook\"><span class=\"w-socials-item-link-hover\"><\/span><i class=\"fab fa-facebook\"><\/i><\/a><\/div><div class=\"w-socials-item pinterest\"><a target=\"_blank\" rel=\"nofollow\" href=\"https:\/\/www.pinterest.es\/onaccent\/\" class=\"w-socials-item-link\" aria-label=\"Pinterest\"><span class=\"w-socials-item-link-hover\"><\/span><i class=\"fab fa-pinterest\"><\/i><\/a><\/div><div class=\"w-socials-item whatsapp\"><a target=\"_blank\" rel=\"nofollow\" href=\"https:\/\/api.whatsapp.com\/send?phone=34607564023\" class=\"w-socials-item-link\" aria-label=\"WhatsApp\"><span class=\"w-socials-item-link-hover\"><\/span><i class=\"fab fa-whatsapp\"><\/i><\/a><\/div><\/div><\/div><div class=\"g-cols wpb_row us_custom_c1bdccfe us_animate_this via_flex valign_top type_default stacking_default\"><div class=\"vc_col-sm-12 wpb_column vc_column_container\"><div class=\"vc_column-inner us_custom_eeb3f56b\"><div class=\"wpb_wrapper\"><style>#mdp-lottier-box-0e5fd3957abc16d5131f36659a0f0450 .mdp-lottier-svg .mdp-lottier-player{ width: 100%; }#mdp-lottier-box-0e5fd3957abc16d5131f36659a0f0450 .mdp-lottier-svg { justify-content: flex-start; }<\/style><!-- Start Lottier for WPBakery WordPress Plugin --><div id=\"mdp-lottier-box-0e5fd3957abc16d5131f36659a0f0450\" class=\"mdp-lottier-box\">\n\t    <div class=\"mdp-lottier-svg\">\n\t\t    <div class=\"mdp-lottier-player\"\n                 data-id=\"0e5fd3957abc16d5131f36659a0f0450\"\n                 data-finish-before-pause=\"\"\n\t\t         data-autoplay=\"autoplay\"\n\t\t         data-speed=\"1\"\n\t\t         data-loop=\"true\"\n\t\t         data-controls=\"false\"\n\t\t         data-mode=\"normal\"\n\t\t    >\n\t\t\t    <!--suppress HtmlUnknownTag -->\n\t\t\t                        <dotlottie-player id=\"mdp-lottier-0e5fd3957abc16d5131f36659a0f0450\"\n                                      class=\"mdp-lottier-animation \"\n                                      src='https:\/\/www.onaccent.com\/wp-content\/uploads\/2023\/10\/coet.lottie'><\/dotlottie-player>\n                \t\t    <\/div>\n\t    <\/div>\n\n\t    \n\t    \t    <\/div>\n\t    <!-- End Lottier for WPBakery WordPress Plugin -->\n\n\t    <\/div><\/div><\/div><\/div><\/div><\/div><\/div><\/div><\/div><\/section><section class=\"l-section wpb_row us_custom_4edece6e height_custom\"><div class=\"l-section-h i-cf\"><div class=\"g-cols vc_row via_flex valign_top type_default stacking_default\"><div class=\"vc_col-sm-12 wpb_column vc_column_container\"><div class=\"vc_column-inner\"><div class=\"wpb_wrapper\"><div class=\"w-map provider_google us_custom_77f42681 us_animate_this\" id=\"us_map_1\"><div class=\"w-map-inner\"><div class=\"w-map-json\" onclick='return {&quot;address&quot;:&quot;39.70219, 3.10237&quot;,&quot;disableDragging&quot;:0,&quot;disableZoom&quot;:0,&quot;hideControls&quot;:0,&quot;zoom&quot;:16,&quot;markers&quot;:[{&quot;address&quot;:&quot;39.70219, 3.10237&quot;,&quot;html&quot;:&quot;&lt;h6&gt;Aqu\\u00ed estam!&lt;\\\/h6&gt;&lt;p&gt;T&#039;esperam en el nostre estudi&lt;\\\/p&gt;&quot;,&quot;infowindow&quot;:&quot;1&quot;}],&quot;maptype&quot;:&quot;ROADMAP&quot;}'><\/div><div class=\"w-map-style-json\" onclick='return [\n    {\n        \"featureType\": \"administrative\",\n        \"elementType\": \"labels.text.fill\",\n        \"stylers\": [\n            {\n                \"color\": \"#000000\"\n            }\n        ]\n    },\n    {\n        \"featureType\": \"landscape\",\n        \"elementType\": \"all\",\n        \"stylers\": [\n            {\n                \"color\": \"#e1f3ee\"\n            }\n        ]\n    },\n    {\n        \"featureType\": \"poi\",\n        \"elementType\": \"all\",\n        \"stylers\": [\n            {\n                \"visibility\": \"off\"\n            }\n        ]\n    },\n    {\n        \"featureType\": \"road\",\n        \"elementType\": \"all\",\n        \"stylers\": [\n            {\n                \"saturation\": -100\n            },\n            {\n                \"lightness\": 25\n            }\n        ]\n    },\n    {\n        \"featureType\": \"road.highway\",\n        \"elementType\": \"all\",\n        \"stylers\": [\n            {\n                \"visibility\": \"simplified\"\n            }\n        ]\n    },\n    {\n        \"featureType\": \"road.arterial\",\n        \"elementType\": \"labels.icon\",\n        \"stylers\": [\n            {\n                \"visibility\": \"off\"\n            }\n        ]\n    },\n    {\n        \"featureType\": \"transit\",\n        \"elementType\": \"all\",\n        \"stylers\": [\n            {\n                \"visibility\": \"off\"\n            }\n        ]\n    },\n    {\n        \"featureType\": \"water\",\n        \"elementType\": \"all\",\n        \"stylers\": [\n            {\n                \"color\": \"#93ccbb\"\n            },\n            {\n                \"visibility\": \"on\"\n            }\n        ]\n    }\n]'><\/div><\/div><\/div><\/div><\/div><\/div><\/div><\/div><\/section>\n","protected":false},"excerpt":{"rendered":"Ens coneixem? Ens haur\u00edem de con\u00e8ixer, parlar, saber el que fas i mostrar-te el que fem. Ens interessen els teus projectes, les teves inquietuds, la curiositat ens mata. Tenim aquest tipus d&#8217;esperit ingenu que ens anima a saber, descobrir, escoltar, investigar, enamorar-nos, implicar-nos en qualsevol aventura nova i, si vols, estarem encantats d&#8217;ajudar-te i acompanyar-te...","protected":false},"author":1,"featured_media":0,"parent":0,"menu_order":0,"comment_status":"closed","ping_status":"closed","template":"","meta":{"_acf_changed":false,"footnotes":""},"class_list":["post-12308","page","type-page","status-publish","hentry"],"acf":[],"yoast_head":"<!-- This site is optimized with the Yoast SEO plugin v27.5 - https:\/\/yoast.com\/product\/yoast-seo-wordpress\/ -->\n<title>Contacte - Onaccent<\/title>\n<meta name=\"robots\" content=\"index, follow, max-snippet:-1, max-image-preview:large, max-video-preview:-1\" \/>\n<link rel=\"canonical\" href=\"https:\/\/www.onaccent.com\/ca\/contacte\/\" \/>\n<meta property=\"og:locale\" content=\"ca_ES\" \/>\n<meta property=\"og:type\" content=\"article\" \/>\n<meta property=\"og:title\" content=\"Contacte - Onaccent\" \/>\n<meta property=\"og:url\" content=\"https:\/\/www.onaccent.com\/ca\/contacte\/\" \/>\n<meta property=\"og:site_name\" content=\"Onaccent\" \/>\n<meta property=\"article:publisher\" content=\"https:\/\/www.facebook.com\/onaccent\" \/>\n<meta property=\"article:modified_time\" content=\"2023-10-27T16:49:13+00:00\" \/>\n<meta property=\"og:image\" content=\"https:\/\/www.onaccent.com\/wp-content\/uploads\/2023\/05\/favicon-onaccent.png\" \/>\n\t<meta property=\"og:image:width\" content=\"1000\" \/>\n\t<meta property=\"og:image:height\" content=\"1000\" \/>\n\t<meta property=\"og:image:type\" content=\"image\/png\" \/>\n<meta name=\"twitter:card\" content=\"summary_large_image\" \/>\n<script type=\"application\/ld+json\" class=\"yoast-schema-graph\">{\"@context\":\"https:\\\/\\\/schema.org\",\"@graph\":[{\"@type\":\"WebPage\",\"@id\":\"https:\\\/\\\/www.onaccent.com\\\/ca\\\/contacte\\\/\",\"url\":\"https:\\\/\\\/www.onaccent.com\\\/ca\\\/contacte\\\/\",\"name\":\"Contacte - Onaccent\",\"isPartOf\":{\"@id\":\"https:\\\/\\\/www.onaccent.com\\\/#website\"},\"datePublished\":\"2013-05-31T09:56:39+00:00\",\"dateModified\":\"2023-10-27T16:49:13+00:00\",\"breadcrumb\":{\"@id\":\"https:\\\/\\\/www.onaccent.com\\\/ca\\\/contacte\\\/#breadcrumb\"},\"inLanguage\":\"ca\",\"potentialAction\":[{\"@type\":\"ReadAction\",\"target\":[\"https:\\\/\\\/www.onaccent.com\\\/ca\\\/contacte\\\/\"]}]},{\"@type\":\"BreadcrumbList\",\"@id\":\"https:\\\/\\\/www.onaccent.com\\\/ca\\\/contacte\\\/#breadcrumb\",\"itemListElement\":[{\"@type\":\"ListItem\",\"position\":1,\"name\":\"Portada\",\"item\":\"https:\\\/\\\/www.onaccent.com\\\/ca\\\/\"},{\"@type\":\"ListItem\",\"position\":2,\"name\":\"Contacte\"}]},{\"@type\":\"WebSite\",\"@id\":\"https:\\\/\\\/www.onaccent.com\\\/#website\",\"url\":\"https:\\\/\\\/www.onaccent.com\\\/\",\"name\":\"Onaccent\",\"description\":\"Disseny Creatiu Digital\",\"publisher\":{\"@id\":\"https:\\\/\\\/www.onaccent.com\\\/#organization\"},\"potentialAction\":[{\"@type\":\"SearchAction\",\"target\":{\"@type\":\"EntryPoint\",\"urlTemplate\":\"https:\\\/\\\/www.onaccent.com\\\/?s={search_term_string}\"},\"query-input\":{\"@type\":\"PropertyValueSpecification\",\"valueRequired\":true,\"valueName\":\"search_term_string\"}}],\"inLanguage\":\"ca\"},{\"@type\":\"Organization\",\"@id\":\"https:\\\/\\\/www.onaccent.com\\\/#organization\",\"name\":\"Onaccent\",\"url\":\"https:\\\/\\\/www.onaccent.com\\\/\",\"logo\":{\"@type\":\"ImageObject\",\"inLanguage\":\"ca\",\"@id\":\"https:\\\/\\\/www.onaccent.com\\\/#\\\/schema\\\/logo\\\/image\\\/\",\"url\":\"https:\\\/\\\/www.onaccent.com\\\/wp-content\\\/uploads\\\/2023\\\/05\\\/favicon-onaccent.png\",\"contentUrl\":\"https:\\\/\\\/www.onaccent.com\\\/wp-content\\\/uploads\\\/2023\\\/05\\\/favicon-onaccent.png\",\"width\":1000,\"height\":1000,\"caption\":\"Onaccent\"},\"image\":{\"@id\":\"https:\\\/\\\/www.onaccent.com\\\/#\\\/schema\\\/logo\\\/image\\\/\"},\"sameAs\":[\"https:\\\/\\\/www.facebook.com\\\/onaccent\",\"https:\\\/\\\/www.instagram.com\\\/on_accent\\\/\",\"https:\\\/\\\/www.pinterest.es\\\/onaccent\\\/\"]}]}<\/script>\n<!-- \/ Yoast SEO plugin. -->","yoast_head_json":{"title":"Contacte - Onaccent","robots":{"index":"index","follow":"follow","max-snippet":"max-snippet:-1","max-image-preview":"max-image-preview:large","max-video-preview":"max-video-preview:-1"},"canonical":"https:\/\/www.onaccent.com\/ca\/contacte\/","og_locale":"ca_ES","og_type":"article","og_title":"Contacte - Onaccent","og_url":"https:\/\/www.onaccent.com\/ca\/contacte\/","og_site_name":"Onaccent","article_publisher":"https:\/\/www.facebook.com\/onaccent","article_modified_time":"2023-10-27T16:49:13+00:00","og_image":[{"width":1000,"height":1000,"url":"https:\/\/www.onaccent.com\/wp-content\/uploads\/2023\/05\/favicon-onaccent.png","type":"image\/png"}],"twitter_card":"summary_large_image","schema":{"@context":"https:\/\/schema.org","@graph":[{"@type":"WebPage","@id":"https:\/\/www.onaccent.com\/ca\/contacte\/","url":"https:\/\/www.onaccent.com\/ca\/contacte\/","name":"Contacte - Onaccent","isPartOf":{"@id":"https:\/\/www.onaccent.com\/#website"},"datePublished":"2013-05-31T09:56:39+00:00","dateModified":"2023-10-27T16:49:13+00:00","breadcrumb":{"@id":"https:\/\/www.onaccent.com\/ca\/contacte\/#breadcrumb"},"inLanguage":"ca","potentialAction":[{"@type":"ReadAction","target":["https:\/\/www.onaccent.com\/ca\/contacte\/"]}]},{"@type":"BreadcrumbList","@id":"https:\/\/www.onaccent.com\/ca\/contacte\/#breadcrumb","itemListElement":[{"@type":"ListItem","position":1,"name":"Portada","item":"https:\/\/www.onaccent.com\/ca\/"},{"@type":"ListItem","position":2,"name":"Contacte"}]},{"@type":"WebSite","@id":"https:\/\/www.onaccent.com\/#website","url":"https:\/\/www.onaccent.com\/","name":"Onaccent","description":"Disseny Creatiu Digital","publisher":{"@id":"https:\/\/www.onaccent.com\/#organization"},"potentialAction":[{"@type":"SearchAction","target":{"@type":"EntryPoint","urlTemplate":"https:\/\/www.onaccent.com\/?s={search_term_string}"},"query-input":{"@type":"PropertyValueSpecification","valueRequired":true,"valueName":"search_term_string"}}],"inLanguage":"ca"},{"@type":"Organization","@id":"https:\/\/www.onaccent.com\/#organization","name":"Onaccent","url":"https:\/\/www.onaccent.com\/","logo":{"@type":"ImageObject","inLanguage":"ca","@id":"https:\/\/www.onaccent.com\/#\/schema\/logo\/image\/","url":"https:\/\/www.onaccent.com\/wp-content\/uploads\/2023\/05\/favicon-onaccent.png","contentUrl":"https:\/\/www.onaccent.com\/wp-content\/uploads\/2023\/05\/favicon-onaccent.png","width":1000,"height":1000,"caption":"Onaccent"},"image":{"@id":"https:\/\/www.onaccent.com\/#\/schema\/logo\/image\/"},"sameAs":["https:\/\/www.facebook.com\/onaccent","https:\/\/www.instagram.com\/on_accent\/","https:\/\/www.pinterest.es\/onaccent\/"]}]}},"_links":{"self":[{"href":"https:\/\/www.onaccent.com\/ca\/wp-json\/wp\/v2\/pages\/12308","targetHints":{"allow":["GET"]}}],"collection":[{"href":"https:\/\/www.onaccent.com\/ca\/wp-json\/wp\/v2\/pages"}],"about":[{"href":"https:\/\/www.onaccent.com\/ca\/wp-json\/wp\/v2\/types\/page"}],"author":[{"embeddable":true,"href":"https:\/\/www.onaccent.com\/ca\/wp-json\/wp\/v2\/users\/1"}],"replies":[{"embeddable":true,"href":"https:\/\/www.onaccent.com\/ca\/wp-json\/wp\/v2\/comments?post=12308"}],"version-history":[{"count":21,"href":"https:\/\/www.onaccent.com\/ca\/wp-json\/wp\/v2\/pages\/12308\/revisions"}],"predecessor-version":[{"id":12816,"href":"https:\/\/www.onaccent.com\/ca\/wp-json\/wp\/v2\/pages\/12308\/revisions\/12816"}],"wp:attachment":[{"href":"https:\/\/www.onaccent.com\/ca\/wp-json\/wp\/v2\/media?parent=12308"}],"curies":[{"name":"wp","href":"https:\/\/api.w.org\/{rel}","templated":true}]}}