{"id":12355,"date":"2023-09-21T18:49:49","date_gmt":"2023-09-21T16:49:49","guid":{"rendered":"https:\/\/www.onaccent.com\/informacion-legal\/"},"modified":"2023-10-20T11:15:52","modified_gmt":"2023-10-20T09:15:52","slug":"informacio-legal","status":"publish","type":"page","link":"https:\/\/www.onaccent.com\/ca\/informacio-legal\/","title":{"rendered":"Informaci\u00f3 legal"},"content":{"rendered":"<section class=\"l-section wpb_row height_custom\"><div class=\"l-section-h i-cf\"><div class=\"g-cols vc_row via_flex valign_top type_default stacking_default\"><div class=\"vc_col-sm-12 wpb_column vc_column_container\"><div class=\"vc_column-inner\"><div class=\"wpb_wrapper\"><div class=\"wpb_text_column\"><div class=\"wpb_wrapper\"><p><strong>1. Dades identificatives:<\/strong><br \/>\nEn compliment amb el deure informaci\u00f3 recollit a l&#8217;article 10 de la Llei 34\/2002, d&#8217;11 de juliol, de Serveis de la Societat de la Informaci\u00f3 i del Comer\u00e7 Electr\u00f2nic, a continuaci\u00f3 es reflecteixen les dades seg\u00fcents:<br \/>\nEl titular de www.onaccent.com \u00e9s Antonia Calafat Cap\u00f3 (d&#8217;ara endavant ON ACCENT), amb domicili a Pla\u00e7a de la Vila, 36 A &#8211; 07450 Santa Margalida (Mallorca) &#8211; Illes Balears (Espanya), amb n\u00famero de NIF: 18226233K. Tel\u00e8fon: 971 85 62 25. Correu electr\u00f2nic: hola@onaccent.com.<\/p>\n<p><strong>2. Usuaris:<\/strong><br \/>\nL&#8217;acc\u00e9s i\/o \u00fas d&#8217;aquesta p\u00e0gina de ON ACCENT atribueix la condici\u00f3 d&#8217;usuari, que accepta, des d&#8217;aquest acc\u00e9s i\/o \u00fas, les Condicions Generals d&#8217;\u00das reflectides aqu\u00ed. Aquestes condicions s\u00f3n aplicables independentment de les condicions generals de contractaci\u00f3 que, si s&#8217;escau, resultin de compliment obligat.<\/p>\n<p><strong>3. \u00das de la p\u00e0gina:<\/strong><br \/>\nwww.onaccent.com proporciona l&#8217;acc\u00e9s a informaci\u00f3, serveis, programes o dades (d&#8217;ara endavant, &#8220;continguts&#8221;) a Internet pertanyents a ON ACCENT oa tercers a qu\u00e8 l&#8217;USUARI pugui tenir acc\u00e9s. L&#8217;USUARI assumeix la responsabilitat de l&#8217;\u00fas del portal i es compromet a fer-ne un \u00fas<br \/>\nadequat dels continguts i serveis que ON ACCENT ofereix a trav\u00e9s de la seva p\u00e0gina i no emprar-los per inc\u00f3rrer en activitats il\u00b7l\u00edcites, il\u00b7legals o contr\u00e0ries a la bona fe ia l&#8217;ordre p\u00fablic. ON ACCENT es reserva el dret de supervisar tots aquells comentaris i aportacions que vulnerin el respecte a la dignitat de la persona, l&#8217;ordre o la seguretat p\u00fablica o que, a parer seu, no resultessin adequats per a la seva publicaci\u00f3.<br \/>\nEn qualsevol cas, ON ACCENT no ser\u00e0 responsable de les opinions abocades pels usuaris a trav\u00e9s del bloc, xarxes socials o altres plataformes de participaci\u00f3.<br \/>\nON ACCENT es reserva el dret de fer servir cookies durant la visita a aquesta p\u00e0gina per al seu bon funcionament.<\/p>\n<p><strong>4. Protecci\u00f3 de dades:<\/strong><br \/>\nON ACCENT compleix les directrius de la Llei Org\u00e0nica 15\/1999 de 13 de desembre de Protecci\u00f3 de Dades de Car\u00e0cter Personal, el Reial Decret 1720\/2007 de 21 de desembre pel qual s&#8217;aprova el Reglament de desplegament de la Llei Org\u00e0nica i altres normativa vigent a cada moment, i es compromet expl\u00edcitament a mantenir totes les dades rebudes dels seus usuaris o clients en la m\u00e9s estricta confidencialitat ia vetllar per garantir un correcte \u00fas i tractament de les dades personals de l&#8217;usuari.<br \/>\nPer aix\u00f2, juntament amb cada formulari de recollida de dades de car\u00e0cter personal, en els serveis que l&#8217;usuari pugui sol\u00b7licitar a ON ACCENT, far\u00e0 saber a l&#8217;usuari de l&#8217;exist\u00e8ncia i l&#8217;acceptaci\u00f3 de les condicions particulars del tractament de les seves dades en cada cas, informant-lo de la responsabilitat del fitxer creat, la direcci\u00f3 del responsable, la possibilitat dexercir els seus drets dacc\u00e9s, rectificaci\u00f3, cancel\u00b7laci\u00f3 o oposici\u00f3, la finalitat del tractament i les comunicacions de dades a tercers si \u00e9s el cas.<\/p>\n<p><strong>5. Propiedad intelectual e industrial:<\/strong><br \/>\n\u00a9 2014 ON ACCENT. Tots els drets reservats.<br \/>\nON ACCENT per si o com a cession\u00e0ria, \u00e9s titular de tots els drets de propietat intel\u00b7lectual i industrial de la seva p\u00e0gina web, aix\u00ed com dels elements continguts a la mateixa (a t\u00edtol enunciatiu, imatges, so, \u00e0udio, v\u00eddeo, programari o textos; marques o logotips, combinacions de colors, estructura i disseny, selecci\u00f3 de materials usats, programes d&#8217;ordinador necessaris per al seu funcionament, acc\u00e9s i \u00fas, etc.), titularitat de ON ACCENT o b\u00e9 dels seus llicenciants.<br \/>\nEn virtut del que disposen els articles 8 i 32.1, par\u00e0graf segon, de la Llei de propietat intel\u00b7lectual, queden expressament prohibides la reproducci\u00f3, la distribuci\u00f3 i la comunicaci\u00f3 p\u00fablica, inclosa la seva modalitat de posada a disposici\u00f3, de la totalitat o part dels continguts d&#8217;aquesta p\u00e0gina web, amb finalitats comercials, a qualsevol suport i per qualsevol mitj\u00e0 t\u00e8cnic, sense l&#8217;autoritzaci\u00f3 d&#8217;ON ACCENT. L&#8217;USUARI es compromet a respectar els drets de propietat intel\u00b7lectual i industrial titularitat d&#8217;ON ACCENT. Podreu visualitzar els elements del portal i fins i tot imprimir-los, copiar-los i emmagatzemar-los al disc dur del vostre ordinador oa qualsevol altre<br \/>\ndispositiu o suport f\u00edsic sempre que sigui, \u00fanica i exclusivament, per a \u00fas personal i privat. L&#8217;USUARI haur\u00e0 d&#8217;abstenir-se de suprimir, alterar, eludir o manipular qualsevol dispositiu de protecci\u00f3 o sistema de seguretat que estigu\u00e9s instal\u00b7lat a les p\u00e0gines d&#8217;ON ACCENT.<br \/>\nEn el cas dels continguts que apareixen a l&#8217;apartat BLOG d&#8217;aquesta p\u00e0gina, ON ACCENT accedeix a compartir i\/o difondre els textos i les imatges dels seus articles, sempre que se&#8217;n mencioni la font o l&#8217;autoria.<\/p>\n<p><strong>6. Exclusi\u00f3 de garanties i responsabilitat::<\/strong><br \/>\nON ACCENT no es fa responsable, en cap cas, dels danys i perjudicis de qualsevol naturalesa que poguessin ocasionar, a t\u00edtol enunciatiu: errors o omissions en els continguts, manca de disponibilitat del portal o la transmissi\u00f3 de virus o programes maliciosos o lesius en els continguts, tot i haver adoptat totes les mesures tecnol\u00f2giques necess\u00e0ries per evitar-ho.<\/p>\n<p><strong>7. Modificacions:<\/strong><br \/>\nON ACCENT es reserva el dret d&#8217;efectuar sense previ av\u00eds les modificacions que consideri oportunes al seu portal, podent canviar, suprimir o afegir tant els continguts i serveis que es prestin a trav\u00e9s d&#8217;aquesta com la forma en qu\u00e8 aquests apareguin presentats o localitzats al vostre portal.<\/p>\n<p><strong>8. Enlla\u00e7os:\u00a0<\/strong><br \/>\nEn cas que a www.onaccent.com es disposessin enlla\u00e7os o hipervincles cap a altres llocs d&#8217;Internet, ON ACCENT no exercir\u00e0 cap tipus de control sobre aquests llocs i continguts. En cap cas ON ACCENT assumir\u00e0 cap responsabilitat pels continguts d&#8217;algun enlla\u00e7 pertanyent a un lloc web ali\u00e8, ni garantir\u00e0 la disponibilitat t\u00e8cnica, qualitat, fiabilitat, exactitud, amplitud, veracitat, validesa i constitucionalitat de qualsevol material o informaci\u00f3 continguda en cap d&#8217;aquests. hipervincles o altres llocs dInternet. Igualment, la inclusi\u00f3 d&#8217;aquestes connexions externes no implicar\u00e0 cap tipus d&#8217;associaci\u00f3, fusi\u00f3 o participaci\u00f3 amb les entitats connectades.<\/p>\n<p><strong>9. Dret dexclusi\u00f3:<\/strong><br \/>\nON ACCENT es reserva el dret a denegar o retirar l&#8217;acc\u00e9s a portal i\/o els serveis oferts sense necessitat de previ av\u00eds, a inst\u00e0ncia pr\u00f2pia o d&#8217;un tercer, a aquells usuaris que incompleixin aquestes Condicions Generals d&#8217;\u00das.<\/p>\n<p><strong>10. Generalitats:<\/strong><br \/>\nON ACCENT perseguir\u00e0 l&#8217;incompliment de les presents condicions aix\u00ed com qualsevol utilitzaci\u00f3 indeguda del portal exercint totes les accions civils i penals que li puguin correspondre en dret.<\/p>\n<p><strong>11. Modificaci\u00f3 de les presents condicions i durada:<\/strong><br \/>\nON ACCENT podr\u00e0 modificar en qualsevol moment les condicions aqu\u00ed determinades, sent degudament publicades com aqu\u00ed apareixen. La vig\u00e8ncia de les condicions esmentades anir\u00e0 en funci\u00f3 de la seva exposici\u00f3 i estaran vigents fins que siguin modificades per altres degudament publicades.<\/p>\n<p><strong>12. Legislaci\u00f3 aplicable i jurisdicci\u00f3:<\/strong><br \/>\nLa relaci\u00f3 entre ON ACCENT i l&#8217;USUARI es regir\u00e0 per la normativa espanyola vigent i qualsevol controv\u00e8rsia se sotmetr\u00e0 als jutjats de Palma de Mallorca.<\/p>\n<\/div><\/div><\/div><\/div><\/div><\/div><\/div><\/section>\n","protected":false},"excerpt":{"rendered":"1. Dades identificatives: En compliment amb el deure informaci\u00f3 recollit a l&#8217;article 10 de la Llei 34\/2002, d&#8217;11 de juliol, de Serveis de la Societat de la Informaci\u00f3 i del Comer\u00e7 Electr\u00f2nic, a continuaci\u00f3 es reflecteixen les dades seg\u00fcents: El titular de www.onaccent.com \u00e9s Antonia Calafat Cap\u00f3 (d&#8217;ara endavant ON ACCENT), amb domicili a Pla\u00e7a...","protected":false},"author":3,"featured_media":0,"parent":0,"menu_order":0,"comment_status":"closed","ping_status":"closed","template":"","meta":{"_acf_changed":false,"footnotes":""},"class_list":["post-12355","page","type-page","status-publish","hentry"],"acf":[],"yoast_head":"<!-- This site is optimized with the Yoast SEO plugin v27.5 - https:\/\/yoast.com\/product\/yoast-seo-wordpress\/ -->\n<title>Informaci\u00f3 legal - Onaccent<\/title>\n<meta name=\"robots\" content=\"index, follow, max-snippet:-1, max-image-preview:large, max-video-preview:-1\" \/>\n<link rel=\"canonical\" href=\"https:\/\/www.onaccent.com\/ca\/informacio-legal\/\" \/>\n<meta property=\"og:locale\" content=\"ca_ES\" \/>\n<meta property=\"og:type\" content=\"article\" \/>\n<meta property=\"og:title\" content=\"Informaci\u00f3 legal - Onaccent\" \/>\n<meta property=\"og:url\" content=\"https:\/\/www.onaccent.com\/ca\/informacio-legal\/\" \/>\n<meta property=\"og:site_name\" content=\"Onaccent\" \/>\n<meta property=\"article:publisher\" content=\"https:\/\/www.facebook.com\/onaccent\" \/>\n<meta property=\"article:modified_time\" content=\"2023-10-20T09:15:52+00:00\" \/>\n<meta property=\"og:image\" content=\"https:\/\/www.onaccent.com\/wp-content\/uploads\/2023\/05\/favicon-onaccent.png\" \/>\n\t<meta property=\"og:image:width\" content=\"1000\" \/>\n\t<meta property=\"og:image:height\" content=\"1000\" \/>\n\t<meta property=\"og:image:type\" content=\"image\/png\" \/>\n<meta name=\"twitter:card\" content=\"summary_large_image\" \/>\n<script type=\"application\/ld+json\" class=\"yoast-schema-graph\">{\"@context\":\"https:\\\/\\\/schema.org\",\"@graph\":[{\"@type\":\"WebPage\",\"@id\":\"https:\\\/\\\/www.onaccent.com\\\/ca\\\/informacio-legal\\\/\",\"url\":\"https:\\\/\\\/www.onaccent.com\\\/ca\\\/informacio-legal\\\/\",\"name\":\"Informaci\u00f3 legal - Onaccent\",\"isPartOf\":{\"@id\":\"https:\\\/\\\/www.onaccent.com\\\/#website\"},\"datePublished\":\"2023-09-21T16:49:49+00:00\",\"dateModified\":\"2023-10-20T09:15:52+00:00\",\"breadcrumb\":{\"@id\":\"https:\\\/\\\/www.onaccent.com\\\/ca\\\/informacio-legal\\\/#breadcrumb\"},\"inLanguage\":\"ca\",\"potentialAction\":[{\"@type\":\"ReadAction\",\"target\":[\"https:\\\/\\\/www.onaccent.com\\\/ca\\\/informacio-legal\\\/\"]}]},{\"@type\":\"BreadcrumbList\",\"@id\":\"https:\\\/\\\/www.onaccent.com\\\/ca\\\/informacio-legal\\\/#breadcrumb\",\"itemListElement\":[{\"@type\":\"ListItem\",\"position\":1,\"name\":\"Portada\",\"item\":\"https:\\\/\\\/www.onaccent.com\\\/ca\\\/\"},{\"@type\":\"ListItem\",\"position\":2,\"name\":\"Informaci\u00f3 legal\"}]},{\"@type\":\"WebSite\",\"@id\":\"https:\\\/\\\/www.onaccent.com\\\/#website\",\"url\":\"https:\\\/\\\/www.onaccent.com\\\/\",\"name\":\"Onaccent\",\"description\":\"Disseny Creatiu Digital\",\"publisher\":{\"@id\":\"https:\\\/\\\/www.onaccent.com\\\/#organization\"},\"potentialAction\":[{\"@type\":\"SearchAction\",\"target\":{\"@type\":\"EntryPoint\",\"urlTemplate\":\"https:\\\/\\\/www.onaccent.com\\\/?s={search_term_string}\"},\"query-input\":{\"@type\":\"PropertyValueSpecification\",\"valueRequired\":true,\"valueName\":\"search_term_string\"}}],\"inLanguage\":\"ca\"},{\"@type\":\"Organization\",\"@id\":\"https:\\\/\\\/www.onaccent.com\\\/#organization\",\"name\":\"Onaccent\",\"url\":\"https:\\\/\\\/www.onaccent.com\\\/\",\"logo\":{\"@type\":\"ImageObject\",\"inLanguage\":\"ca\",\"@id\":\"https:\\\/\\\/www.onaccent.com\\\/#\\\/schema\\\/logo\\\/image\\\/\",\"url\":\"https:\\\/\\\/www.onaccent.com\\\/wp-content\\\/uploads\\\/2023\\\/05\\\/favicon-onaccent.png\",\"contentUrl\":\"https:\\\/\\\/www.onaccent.com\\\/wp-content\\\/uploads\\\/2023\\\/05\\\/favicon-onaccent.png\",\"width\":1000,\"height\":1000,\"caption\":\"Onaccent\"},\"image\":{\"@id\":\"https:\\\/\\\/www.onaccent.com\\\/#\\\/schema\\\/logo\\\/image\\\/\"},\"sameAs\":[\"https:\\\/\\\/www.facebook.com\\\/onaccent\",\"https:\\\/\\\/www.instagram.com\\\/on_accent\\\/\",\"https:\\\/\\\/www.pinterest.es\\\/onaccent\\\/\"]}]}<\/script>\n<!-- \/ Yoast SEO plugin. -->","yoast_head_json":{"title":"Informaci\u00f3 legal - Onaccent","robots":{"index":"index","follow":"follow","max-snippet":"max-snippet:-1","max-image-preview":"max-image-preview:large","max-video-preview":"max-video-preview:-1"},"canonical":"https:\/\/www.onaccent.com\/ca\/informacio-legal\/","og_locale":"ca_ES","og_type":"article","og_title":"Informaci\u00f3 legal - Onaccent","og_url":"https:\/\/www.onaccent.com\/ca\/informacio-legal\/","og_site_name":"Onaccent","article_publisher":"https:\/\/www.facebook.com\/onaccent","article_modified_time":"2023-10-20T09:15:52+00:00","og_image":[{"width":1000,"height":1000,"url":"https:\/\/www.onaccent.com\/wp-content\/uploads\/2023\/05\/favicon-onaccent.png","type":"image\/png"}],"twitter_card":"summary_large_image","schema":{"@context":"https:\/\/schema.org","@graph":[{"@type":"WebPage","@id":"https:\/\/www.onaccent.com\/ca\/informacio-legal\/","url":"https:\/\/www.onaccent.com\/ca\/informacio-legal\/","name":"Informaci\u00f3 legal - Onaccent","isPartOf":{"@id":"https:\/\/www.onaccent.com\/#website"},"datePublished":"2023-09-21T16:49:49+00:00","dateModified":"2023-10-20T09:15:52+00:00","breadcrumb":{"@id":"https:\/\/www.onaccent.com\/ca\/informacio-legal\/#breadcrumb"},"inLanguage":"ca","potentialAction":[{"@type":"ReadAction","target":["https:\/\/www.onaccent.com\/ca\/informacio-legal\/"]}]},{"@type":"BreadcrumbList","@id":"https:\/\/www.onaccent.com\/ca\/informacio-legal\/#breadcrumb","itemListElement":[{"@type":"ListItem","position":1,"name":"Portada","item":"https:\/\/www.onaccent.com\/ca\/"},{"@type":"ListItem","position":2,"name":"Informaci\u00f3 legal"}]},{"@type":"WebSite","@id":"https:\/\/www.onaccent.com\/#website","url":"https:\/\/www.onaccent.com\/","name":"Onaccent","description":"Disseny Creatiu Digital","publisher":{"@id":"https:\/\/www.onaccent.com\/#organization"},"potentialAction":[{"@type":"SearchAction","target":{"@type":"EntryPoint","urlTemplate":"https:\/\/www.onaccent.com\/?s={search_term_string}"},"query-input":{"@type":"PropertyValueSpecification","valueRequired":true,"valueName":"search_term_string"}}],"inLanguage":"ca"},{"@type":"Organization","@id":"https:\/\/www.onaccent.com\/#organization","name":"Onaccent","url":"https:\/\/www.onaccent.com\/","logo":{"@type":"ImageObject","inLanguage":"ca","@id":"https:\/\/www.onaccent.com\/#\/schema\/logo\/image\/","url":"https:\/\/www.onaccent.com\/wp-content\/uploads\/2023\/05\/favicon-onaccent.png","contentUrl":"https:\/\/www.onaccent.com\/wp-content\/uploads\/2023\/05\/favicon-onaccent.png","width":1000,"height":1000,"caption":"Onaccent"},"image":{"@id":"https:\/\/www.onaccent.com\/#\/schema\/logo\/image\/"},"sameAs":["https:\/\/www.facebook.com\/onaccent","https:\/\/www.instagram.com\/on_accent\/","https:\/\/www.pinterest.es\/onaccent\/"]}]}},"_links":{"self":[{"href":"https:\/\/www.onaccent.com\/ca\/wp-json\/wp\/v2\/pages\/12355","targetHints":{"allow":["GET"]}}],"collection":[{"href":"https:\/\/www.onaccent.com\/ca\/wp-json\/wp\/v2\/pages"}],"about":[{"href":"https:\/\/www.onaccent.com\/ca\/wp-json\/wp\/v2\/types\/page"}],"author":[{"embeddable":true,"href":"https:\/\/www.onaccent.com\/ca\/wp-json\/wp\/v2\/users\/3"}],"replies":[{"embeddable":true,"href":"https:\/\/www.onaccent.com\/ca\/wp-json\/wp\/v2\/comments?post=12355"}],"version-history":[{"count":2,"href":"https:\/\/www.onaccent.com\/ca\/wp-json\/wp\/v2\/pages\/12355\/revisions"}],"predecessor-version":[{"id":12367,"href":"https:\/\/www.onaccent.com\/ca\/wp-json\/wp\/v2\/pages\/12355\/revisions\/12367"}],"wp:attachment":[{"href":"https:\/\/www.onaccent.com\/ca\/wp-json\/wp\/v2\/media?parent=12355"}],"curies":[{"name":"wp","href":"https:\/\/api.w.org\/{rel}","templated":true}]}}