{"id":8358,"date":"2013-09-03T12:39:41","date_gmt":"2013-09-03T10:39:41","guid":{"rendered":"https:\/\/www.onaccent.com\/sobre-nosotros\/"},"modified":"2024-11-15T10:47:20","modified_gmt":"2024-11-15T09:47:20","slug":"nosaltres","status":"publish","type":"page","link":"https:\/\/www.onaccent.com\/ca\/nosaltres\/","title":{"rendered":"Nosaltres"},"content":{"rendered":"<section class=\"l-section wpb_row height_custom\"><div class=\"l-section-h i-cf\"><div class=\"g-cols vc_row via_flex valign_top type_default stacking_default\"><div class=\"vc_col-sm-12 wpb_column vc_column_container\"><div class=\"vc_column-inner\"><div class=\"wpb_wrapper\"><div class=\"g-cols wpb_row us_custom_3257a9f0 via_flex valign_middle type_default stacking_default\"><div class=\"vc_col-sm-6 wpb_column vc_column_container\"><div class=\"vc_column-inner\"><div class=\"wpb_wrapper\"><div class=\"w-image us_custom_3eb6a3d3 us_animate_this align_none\"><div class=\"w-image-h\"><img decoding=\"async\" width=\"700\" height=\"635\" src=\"https:\/\/www.onaccent.com\/wp-content\/uploads\/2023\/09\/Antonia-700x635.png\" class=\"attachment-woocommerce_single size-woocommerce_single\" alt=\"\" loading=\"lazy\" srcset=\"https:\/\/www.onaccent.com\/wp-content\/uploads\/2023\/09\/Antonia-700x635.png 700w, https:\/\/www.onaccent.com\/wp-content\/uploads\/2023\/09\/Antonia-300x272.png 300w, https:\/\/www.onaccent.com\/wp-content\/uploads\/2023\/09\/Antonia.png 1000w\" sizes=\"auto, (max-width: 700px) 100vw, 700px\" \/><\/div><\/div><\/div><\/div><\/div><div class=\"vc_col-sm-6 wpb_column vc_column_container\"><div class=\"vc_column-inner us_custom_edb423b1\"><div class=\"wpb_wrapper\"><div class=\"wpb_text_column us_custom_4fcab78b us_animate_this\"><div class=\"wpb_wrapper\"><h3>Ant\u00f2nia Calafat<\/h3>\n<\/div><\/div><div class=\"wpb_text_column us_custom_c95f8901 us_animate_this\"><div class=\"wpb_wrapper\"><h6>Dissenyadora gr\u00e0fica i il\u00b7lustradora<\/h6>\n<\/div><\/div><div class=\"wpb_text_column us_custom_08d156c1 us_animate_this\"><div class=\"wpb_wrapper\"><p>Despr\u00e9s d&#8217;un proc\u00e9s profund de canvi, el meu cam\u00ed ha pres un nou rumb, guiat per la calma i el disseny conscient. Ja no s\u00f3c l\u2019estrella de rock que somiava pujar a l\u2019escenari, sin\u00f3 alg\u00fa que ha apr\u00e8s a escoltar el seu propi ritme, sense pressa. M&#8217;agrada observar amb deteniment, crear amb intenci\u00f3 i trobar la bellesa en els petits detalls. Ara, m\u00e9s que mai, viatjo a llocs interns, plens de significat, descobrint tresors invisibles i col\u00b7leccionant moments que m\u2019omplen d\u2019energia per afrontar el meu dia a dia amb serenitat i autenticitat.<\/p>\n<\/div><\/div><div class=\"w-socials us_custom_faff853f us_animate_this color_link shape_none\" style=\"--gap:0.5em;\"><div class=\"w-socials-list\"><div class=\"w-socials-item instagram\"><a target=\"_blank\" rel=\"nofollow\" href=\"#\" class=\"w-socials-item-link\" aria-label=\"Instagram\"><span class=\"w-socials-item-link-hover\"><\/span><i class=\"fab fa-instagram\"><\/i><\/a><\/div><div class=\"w-socials-item facebook\"><a target=\"_blank\" rel=\"nofollow\" href=\"#\" class=\"w-socials-item-link\" aria-label=\"Facebook\"><span class=\"w-socials-item-link-hover\"><\/span><i class=\"fab fa-facebook\"><\/i><\/a><\/div><div class=\"w-socials-item pinterest\"><a target=\"_blank\" rel=\"nofollow\" href=\"#\" class=\"w-socials-item-link\" aria-label=\"Pinterest\"><span class=\"w-socials-item-link-hover\"><\/span><i class=\"fab fa-pinterest\"><\/i><\/a><\/div><div class=\"w-socials-item whatsapp\"><a target=\"_blank\" rel=\"nofollow\" href=\"#\" class=\"w-socials-item-link\" aria-label=\"WhatsApp\"><span class=\"w-socials-item-link-hover\"><\/span><i class=\"fab fa-whatsapp\"><\/i><\/a><\/div><div class=\"w-socials-item email\"><a href=\"mailto:antonia@onaccent.com\" class=\"w-socials-item-link\" aria-label=\"Correu electr\u00f2nic\"><span class=\"w-socials-item-link-hover\"><\/span><i class=\"fas fa-envelope\"><\/i><\/a><\/div><\/div><\/div><\/div><\/div><\/div><\/div><div class=\"g-cols wpb_row us_custom_6187a5cd via_flex valign_middle type_default stacking_default\"><div class=\"vc_col-sm-6 wpb_column vc_column_container\"><div class=\"vc_column-inner\"><div class=\"wpb_wrapper\"><div class=\"w-image us_custom_8e6fd051 us_animate_this align_none\"><div class=\"w-image-h\"><img decoding=\"async\" width=\"1000\" height=\"907\" src=\"https:\/\/www.onaccent.com\/wp-content\/uploads\/2023\/09\/Miquel.png\" class=\"attachment-large size-large\" alt=\"\" loading=\"lazy\" srcset=\"https:\/\/www.onaccent.com\/wp-content\/uploads\/2023\/09\/Miquel.png 1000w, https:\/\/www.onaccent.com\/wp-content\/uploads\/2023\/09\/Miquel-300x272.png 300w, https:\/\/www.onaccent.com\/wp-content\/uploads\/2023\/09\/Miquel-700x635.png 700w\" sizes=\"auto, (max-width: 1000px) 100vw, 1000px\" \/><\/div><\/div><\/div><\/div><\/div><div class=\"vc_col-sm-6 wpb_column vc_column_container\"><div class=\"vc_column-inner\"><div class=\"wpb_wrapper\"><div class=\"wpb_text_column us_custom_f1a4f275 us_animate_this\"><div class=\"wpb_wrapper\"><h3>Miquel Bordoy<\/h3>\n<\/div><\/div><div class=\"wpb_text_column us_custom_7986fa83 us_animate_this\"><div class=\"wpb_wrapper\"><h6>Dissenyador gr\u00e0fic. Direcci\u00f3 creativa. Projectes editorials.<\/h6>\n<\/div><\/div><div class=\"wpb_text_column us_custom_b8082543 us_animate_this\"><div class=\"wpb_wrapper\"><p>Sempre vaig somiar ser el primer home a arribar a la lluna, coronar l&#8217;Everest o creuar el Pac\u00edfic en una bassa. Per\u00f2 \u00e9s clar, aix\u00f2 ja ho van fer altres i a mi nom\u00e9s em queda reviure les seves gestes als petits reptes quotidians. S\u00f3c, doncs, un explorador innat i la meva ment una selva embullada on, de tant en tant apareix algun ocell ex\u00f2tic.<\/p>\n<\/div><\/div><div class=\"w-socials us_custom_a9a1a54e us_animate_this color_link shape_none\" style=\"--gap:0.5em;\"><div class=\"w-socials-list\"><div class=\"w-socials-item instagram\"><a target=\"_blank\" rel=\"nofollow\" href=\"#\" class=\"w-socials-item-link\" aria-label=\"Instagram\"><span class=\"w-socials-item-link-hover\"><\/span><i class=\"fab fa-instagram\"><\/i><\/a><\/div><div class=\"w-socials-item facebook\"><a target=\"_blank\" rel=\"nofollow\" href=\"#\" class=\"w-socials-item-link\" aria-label=\"Facebook\"><span class=\"w-socials-item-link-hover\"><\/span><i class=\"fab fa-facebook\"><\/i><\/a><\/div><div class=\"w-socials-item pinterest\"><a target=\"_blank\" rel=\"nofollow\" href=\"#\" class=\"w-socials-item-link\" aria-label=\"Pinterest\"><span class=\"w-socials-item-link-hover\"><\/span><i class=\"fab fa-pinterest\"><\/i><\/a><\/div><div class=\"w-socials-item whatsapp\"><a target=\"_blank\" rel=\"nofollow\" href=\"#\" class=\"w-socials-item-link\" aria-label=\"WhatsApp\"><span class=\"w-socials-item-link-hover\"><\/span><i class=\"fab fa-whatsapp\"><\/i><\/a><\/div><div class=\"w-socials-item email\"><a href=\"mailto:miquel@onaccent.com\" class=\"w-socials-item-link\" aria-label=\"Correu electr\u00f2nic\"><span class=\"w-socials-item-link-hover\"><\/span><i class=\"fas fa-envelope\"><\/i><\/a><\/div><\/div><\/div><\/div><\/div><\/div><\/div><\/div><\/div><\/div><\/div><\/div><\/section><section class=\"l-section wpb_row us_custom_4edece6e height_custom\"><div class=\"l-section-h i-cf\"><div class=\"g-cols vc_row via_flex valign_top type_default stacking_default\"><div class=\"vc_col-sm-12 wpb_column vc_column_container\"><div class=\"vc_column-inner\"><div class=\"wpb_wrapper\"><div class=\"wpb_text_column us_custom_276b07a3 us_animate_this\"><div class=\"wpb_wrapper\"><h3>Sis raons per confiar en On Accent<\/h3>\n<\/div><\/div><div class=\"w-tabs us_custom_0d66a9f7 us_animate_this layout_hor style_modern switch_hover has_scrolling remove_indents\" style=\"--sections-title-size:2.5em\"><div class=\"w-tabs-list items_6 align_none\" style=\"font-family:var(--h2-font-family);\"><div class=\"w-tabs-list-h\"><button class=\"w-tabs-item active\" aria-controls=\"content-h018\" aria-expanded=\"false\"><span class=\"w-tabs-item-title\">01<\/span><\/button><button class=\"w-tabs-item\" aria-controls=\"content-e186\" aria-expanded=\"false\"><span class=\"w-tabs-item-title\">02<\/span><\/button><button class=\"w-tabs-item\" aria-controls=\"content-f2eb\" aria-expanded=\"false\"><span class=\"w-tabs-item-title\">03<\/span><\/button><button class=\"w-tabs-item\" aria-controls=\"content-f448\" aria-expanded=\"false\"><span class=\"w-tabs-item-title\">04<\/span><\/button><button class=\"w-tabs-item\" aria-controls=\"content-f59e\" aria-expanded=\"false\"><span class=\"w-tabs-item-title\">05<\/span><\/button><button class=\"w-tabs-item\" aria-controls=\"content-j6ff\" aria-expanded=\"false\"><span class=\"w-tabs-item-title\">06<\/span><\/button><\/div><\/div><div class=\"w-tabs-sections titles-align_none icon_chevron cpos_right\"><div class=\"w-tabs-section active\" id=\"h018\"><button class=\"w-tabs-section-header active\" aria-controls=\"content-h018\" aria-expanded=\"true\"><div class=\"w-tabs-section-title\">01<\/div><div class=\"w-tabs-section-control\"><\/div><\/button><div  class=\"w-tabs-section-content\" id=\"content-h018\"><div class=\"w-tabs-section-content-h i-cf\"><div class=\"wpb_text_column us_custom_6187a5cd\"><div class=\"wpb_wrapper\"><h5 style=\"text-align: left;\">Som un equip amb experi\u00e8ncia i oferim solucions imaginatives.<\/h5>\n<\/div><\/div><\/div><\/div><\/div><div class=\"w-tabs-section\" id=\"e186\"><button class=\"w-tabs-section-header\" aria-controls=\"content-e186\" aria-expanded=\"false\"><div class=\"w-tabs-section-title\">02<\/div><div class=\"w-tabs-section-control\"><\/div><\/button><div  class=\"w-tabs-section-content\" id=\"content-e186\"><div class=\"w-tabs-section-content-h i-cf\"><div class=\"wpb_text_column\"><div class=\"wpb_wrapper\"><h5>Proporcionam un servei complet i conscient, cuidant cada pas. Cada decisi\u00f3 que prenem est\u00e0 alineada amb els valors del projecte.<\/h5>\n<\/div><\/div><\/div><\/div><\/div><div class=\"w-tabs-section\" id=\"f2eb\"><button class=\"w-tabs-section-header\" aria-controls=\"content-f2eb\" aria-expanded=\"false\"><div class=\"w-tabs-section-title\">03<\/div><div class=\"w-tabs-section-control\"><\/div><\/button><div  class=\"w-tabs-section-content\" id=\"content-f2eb\"><div class=\"w-tabs-section-content-h i-cf\"><div class=\"wpb_text_column\"><div class=\"wpb_wrapper\"><h5 style=\"text-align: left;\">Entenem el mitj\u00e0 i optimitzem el seu \u00fas de manera equilibrada.<\/h5>\n<\/div><\/div><\/div><\/div><\/div><div class=\"w-tabs-section\" id=\"f448\"><button class=\"w-tabs-section-header\" aria-controls=\"content-f448\" aria-expanded=\"false\"><div class=\"w-tabs-section-title\">04<\/div><div class=\"w-tabs-section-control\"><\/div><\/button><div  class=\"w-tabs-section-content\" id=\"content-f448\"><div class=\"w-tabs-section-content-h i-cf\"><div class=\"wpb_text_column\"><div class=\"wpb_wrapper\"><h5 style=\"text-align: left;\">Tenim les eines i recursos adequats per a cada projecte.<\/h5>\n<\/div><\/div><\/div><\/div><\/div><div class=\"w-tabs-section\" id=\"f59e\"><button class=\"w-tabs-section-header\" aria-controls=\"content-f59e\" aria-expanded=\"false\"><div class=\"w-tabs-section-title\">05<\/div><div class=\"w-tabs-section-control\"><\/div><\/button><div  class=\"w-tabs-section-content\" id=\"content-f59e\"><div class=\"w-tabs-section-content-h i-cf\"><div class=\"wpb_text_column\"><div class=\"wpb_wrapper\"><h5 style=\"text-align: left;\">Entenem les necessitats del client i ens adaptem al seu llenguatge.<\/h5>\n<\/div><\/div><\/div><\/div><\/div><div class=\"w-tabs-section\" id=\"j6ff\"><button class=\"w-tabs-section-header\" aria-controls=\"content-j6ff\" aria-expanded=\"false\"><div class=\"w-tabs-section-title\">06<\/div><div class=\"w-tabs-section-control\"><\/div><\/button><div  class=\"w-tabs-section-content\" id=\"content-j6ff\"><div class=\"w-tabs-section-content-h i-cf\"><div class=\"wpb_text_column\"><div class=\"wpb_wrapper\"><h5 style=\"text-align: left;\">Som professionals, creatius i apassionats.<\/h5>\n<\/div><\/div><\/div><\/div><\/div><\/div><\/div><\/div><\/div><\/div><\/div><\/div><\/section><section class=\"l-section wpb_row us_custom_ec15099b has_text_color us_animate_this height_custom width_full\"><div class=\"l-section-h i-cf\"><div class=\"g-cols vc_row via_flex valign_top type_default stacking_default\"><div class=\"vc_col-sm-4 wpb_column vc_column_container\"><div class=\"vc_column-inner\"><div class=\"wpb_wrapper\"><div class=\"w-counter color_custom align_center animation_none\" data-duration=\"3\" style=\"--w-counter-duration: 3s;\"><div class=\"w-counter-value\" aria-label=\"+22\" style=\"color:#000000;\"><span class=\"w-counter-value-part final\" aria-hidden=\"true\">+22<\/span><span class=\"w-counter-value-part hidden type_text\" aria-hidden=\"true\" data-final=\"+\"><\/span><span class=\"w-counter-value-part hidden type_number\" aria-hidden=\"true\" data-final=\"22\">1<\/span><span class=\"w-counter-value-part hidden type_text\" aria-hidden=\"true\" data-final><\/span><\/div><h5 class=\"w-counter-title\" style=\"font-size:2rem;font-weight:600;margin-top:5px;\">Anys d&#8217;experi\u00e8ncia<\/h5><\/div><\/div><\/div><\/div><div class=\"vc_col-sm-4 wpb_column vc_column_container\"><div class=\"vc_column-inner\"><div class=\"wpb_wrapper\"><div class=\"w-counter color_custom align_center animation_none\" data-duration=\"3\" style=\"--w-counter-duration: 3s;\"><div class=\"w-counter-value\" aria-label=\"+3000\" style=\"color:#000000;\"><span class=\"w-counter-value-part final\" aria-hidden=\"true\">+3000<\/span><span class=\"w-counter-value-part hidden type_text\" aria-hidden=\"true\" data-final=\"+\"><\/span><span class=\"w-counter-value-part hidden type_number\" aria-hidden=\"true\" data-final=\"3000\">1<\/span><span class=\"w-counter-value-part hidden type_text\" aria-hidden=\"true\" data-final><\/span><\/div><h5 class=\"w-counter-title\" style=\"font-size:2rem;font-weight:600;margin-top:5px;\">Projectes completats<\/h5><\/div><\/div><\/div><\/div><div class=\"vc_col-sm-4 wpb_column vc_column_container\"><div class=\"vc_column-inner\"><div class=\"wpb_wrapper\"><div class=\"w-counter color_custom align_center animation_none\" data-duration=\"3\" style=\"--w-counter-duration: 3s;\"><div class=\"w-counter-value\" aria-label=\"+250\" style=\"color:#000000;\"><span class=\"w-counter-value-part final\" aria-hidden=\"true\">+250<\/span><span class=\"w-counter-value-part hidden type_text\" aria-hidden=\"true\" data-final=\"+\"><\/span><span class=\"w-counter-value-part hidden type_number\" aria-hidden=\"true\" data-final=\"250\">1<\/span><span class=\"w-counter-value-part hidden type_text\" aria-hidden=\"true\" data-final><\/span><\/div><h5 class=\"w-counter-title\" style=\"font-size:2rem;font-weight:600;margin-top:5px;\">Clients satisfets<\/h5><\/div><\/div><\/div><\/div><\/div><\/div><\/section><section class=\"l-section wpb_row us_custom_33fe73d0 height_custom width_full\"><div class=\"l-section-h i-cf\"><div class=\"g-cols vc_row via_flex valign_top type_default stacking_default\"><div class=\"vc_col-sm-12 wpb_column vc_column_container\"><div class=\"vc_column-inner\"><div class=\"wpb_wrapper\"><div class=\"w-image us_custom_d89fe7f6 us_animate_this has_ratio align_none\"><div class=\"w-image-h\"><div style=\"padding-bottom:56.25%\"><\/div><img decoding=\"async\" width=\"1024\" height=\"522\" src=\"https:\/\/www.onaccent.com\/wp-content\/uploads\/2023\/09\/foto-estudi-1-1-1024x522.jpg\" class=\"attachment-large size-large\" alt=\"\" loading=\"lazy\" \/><\/div><\/div><\/div><\/div><\/div><\/div><\/div><\/section>\n","protected":false},"excerpt":{"rendered":"Ant\u00f2nia Calafat Dissenyadora gr\u00e0fica i il\u00b7lustradora Despr\u00e9s d&#8217;un proc\u00e9s profund de canvi, el meu cam\u00ed ha pres un nou rumb, guiat per la calma i el disseny conscient. Ja no s\u00f3c l\u2019estrella de rock que somiava pujar a l\u2019escenari, sin\u00f3 alg\u00fa que ha apr\u00e8s a escoltar el seu propi ritme, sense pressa. M&#8217;agrada observar amb...","protected":false},"author":1,"featured_media":0,"parent":0,"menu_order":0,"comment_status":"closed","ping_status":"closed","template":"","meta":{"_acf_changed":false,"footnotes":""},"class_list":["post-8358","page","type-page","status-publish","hentry"],"acf":[],"yoast_head":"<!-- This site is optimized with the Yoast SEO plugin v27.4 - https:\/\/yoast.com\/product\/yoast-seo-wordpress\/ -->\n<title>Nosaltres - Onaccent<\/title>\n<meta name=\"robots\" content=\"index, follow, max-snippet:-1, max-image-preview:large, max-video-preview:-1\" \/>\n<link rel=\"canonical\" href=\"https:\/\/www.onaccent.com\/ca\/nosaltres\/\" \/>\n<meta property=\"og:locale\" content=\"ca_ES\" \/>\n<meta property=\"og:type\" content=\"article\" \/>\n<meta property=\"og:title\" content=\"Nosaltres - Onaccent\" \/>\n<meta property=\"og:url\" content=\"https:\/\/www.onaccent.com\/ca\/nosaltres\/\" \/>\n<meta property=\"og:site_name\" content=\"Onaccent\" \/>\n<meta property=\"article:publisher\" content=\"https:\/\/www.facebook.com\/onaccent\" \/>\n<meta property=\"article:modified_time\" content=\"2024-11-15T09:47:20+00:00\" \/>\n<meta property=\"og:image\" content=\"https:\/\/www.onaccent.com\/wp-content\/uploads\/2023\/05\/favicon-onaccent.png\" \/>\n\t<meta property=\"og:image:width\" content=\"1000\" \/>\n\t<meta property=\"og:image:height\" content=\"1000\" \/>\n\t<meta property=\"og:image:type\" content=\"image\/png\" \/>\n<meta name=\"twitter:card\" content=\"summary_large_image\" \/>\n<script type=\"application\/ld+json\" class=\"yoast-schema-graph\">{\"@context\":\"https:\\\/\\\/schema.org\",\"@graph\":[{\"@type\":\"WebPage\",\"@id\":\"https:\\\/\\\/www.onaccent.com\\\/ca\\\/nosaltres\\\/\",\"url\":\"https:\\\/\\\/www.onaccent.com\\\/ca\\\/nosaltres\\\/\",\"name\":\"Nosaltres - Onaccent\",\"isPartOf\":{\"@id\":\"https:\\\/\\\/www.onaccent.com\\\/#website\"},\"datePublished\":\"2013-09-03T10:39:41+00:00\",\"dateModified\":\"2024-11-15T09:47:20+00:00\",\"breadcrumb\":{\"@id\":\"https:\\\/\\\/www.onaccent.com\\\/ca\\\/nosaltres\\\/#breadcrumb\"},\"inLanguage\":\"ca\",\"potentialAction\":[{\"@type\":\"ReadAction\",\"target\":[\"https:\\\/\\\/www.onaccent.com\\\/ca\\\/nosaltres\\\/\"]}]},{\"@type\":\"BreadcrumbList\",\"@id\":\"https:\\\/\\\/www.onaccent.com\\\/ca\\\/nosaltres\\\/#breadcrumb\",\"itemListElement\":[{\"@type\":\"ListItem\",\"position\":1,\"name\":\"Portada\",\"item\":\"https:\\\/\\\/www.onaccent.com\\\/ca\\\/\"},{\"@type\":\"ListItem\",\"position\":2,\"name\":\"Nosaltres\"}]},{\"@type\":\"WebSite\",\"@id\":\"https:\\\/\\\/www.onaccent.com\\\/#website\",\"url\":\"https:\\\/\\\/www.onaccent.com\\\/\",\"name\":\"Onaccent\",\"description\":\"Disseny Creatiu Digital\",\"publisher\":{\"@id\":\"https:\\\/\\\/www.onaccent.com\\\/#organization\"},\"potentialAction\":[{\"@type\":\"SearchAction\",\"target\":{\"@type\":\"EntryPoint\",\"urlTemplate\":\"https:\\\/\\\/www.onaccent.com\\\/?s={search_term_string}\"},\"query-input\":{\"@type\":\"PropertyValueSpecification\",\"valueRequired\":true,\"valueName\":\"search_term_string\"}}],\"inLanguage\":\"ca\"},{\"@type\":\"Organization\",\"@id\":\"https:\\\/\\\/www.onaccent.com\\\/#organization\",\"name\":\"Onaccent\",\"url\":\"https:\\\/\\\/www.onaccent.com\\\/\",\"logo\":{\"@type\":\"ImageObject\",\"inLanguage\":\"ca\",\"@id\":\"https:\\\/\\\/www.onaccent.com\\\/#\\\/schema\\\/logo\\\/image\\\/\",\"url\":\"https:\\\/\\\/www.onaccent.com\\\/wp-content\\\/uploads\\\/2023\\\/05\\\/favicon-onaccent.png\",\"contentUrl\":\"https:\\\/\\\/www.onaccent.com\\\/wp-content\\\/uploads\\\/2023\\\/05\\\/favicon-onaccent.png\",\"width\":1000,\"height\":1000,\"caption\":\"Onaccent\"},\"image\":{\"@id\":\"https:\\\/\\\/www.onaccent.com\\\/#\\\/schema\\\/logo\\\/image\\\/\"},\"sameAs\":[\"https:\\\/\\\/www.facebook.com\\\/onaccent\",\"https:\\\/\\\/www.instagram.com\\\/on_accent\\\/\",\"https:\\\/\\\/www.pinterest.es\\\/onaccent\\\/\"]}]}<\/script>\n<!-- \/ Yoast SEO plugin. -->","yoast_head_json":{"title":"Nosaltres - Onaccent","robots":{"index":"index","follow":"follow","max-snippet":"max-snippet:-1","max-image-preview":"max-image-preview:large","max-video-preview":"max-video-preview:-1"},"canonical":"https:\/\/www.onaccent.com\/ca\/nosaltres\/","og_locale":"ca_ES","og_type":"article","og_title":"Nosaltres - Onaccent","og_url":"https:\/\/www.onaccent.com\/ca\/nosaltres\/","og_site_name":"Onaccent","article_publisher":"https:\/\/www.facebook.com\/onaccent","article_modified_time":"2024-11-15T09:47:20+00:00","og_image":[{"width":1000,"height":1000,"url":"https:\/\/www.onaccent.com\/wp-content\/uploads\/2023\/05\/favicon-onaccent.png","type":"image\/png"}],"twitter_card":"summary_large_image","schema":{"@context":"https:\/\/schema.org","@graph":[{"@type":"WebPage","@id":"https:\/\/www.onaccent.com\/ca\/nosaltres\/","url":"https:\/\/www.onaccent.com\/ca\/nosaltres\/","name":"Nosaltres - Onaccent","isPartOf":{"@id":"https:\/\/www.onaccent.com\/#website"},"datePublished":"2013-09-03T10:39:41+00:00","dateModified":"2024-11-15T09:47:20+00:00","breadcrumb":{"@id":"https:\/\/www.onaccent.com\/ca\/nosaltres\/#breadcrumb"},"inLanguage":"ca","potentialAction":[{"@type":"ReadAction","target":["https:\/\/www.onaccent.com\/ca\/nosaltres\/"]}]},{"@type":"BreadcrumbList","@id":"https:\/\/www.onaccent.com\/ca\/nosaltres\/#breadcrumb","itemListElement":[{"@type":"ListItem","position":1,"name":"Portada","item":"https:\/\/www.onaccent.com\/ca\/"},{"@type":"ListItem","position":2,"name":"Nosaltres"}]},{"@type":"WebSite","@id":"https:\/\/www.onaccent.com\/#website","url":"https:\/\/www.onaccent.com\/","name":"Onaccent","description":"Disseny Creatiu Digital","publisher":{"@id":"https:\/\/www.onaccent.com\/#organization"},"potentialAction":[{"@type":"SearchAction","target":{"@type":"EntryPoint","urlTemplate":"https:\/\/www.onaccent.com\/?s={search_term_string}"},"query-input":{"@type":"PropertyValueSpecification","valueRequired":true,"valueName":"search_term_string"}}],"inLanguage":"ca"},{"@type":"Organization","@id":"https:\/\/www.onaccent.com\/#organization","name":"Onaccent","url":"https:\/\/www.onaccent.com\/","logo":{"@type":"ImageObject","inLanguage":"ca","@id":"https:\/\/www.onaccent.com\/#\/schema\/logo\/image\/","url":"https:\/\/www.onaccent.com\/wp-content\/uploads\/2023\/05\/favicon-onaccent.png","contentUrl":"https:\/\/www.onaccent.com\/wp-content\/uploads\/2023\/05\/favicon-onaccent.png","width":1000,"height":1000,"caption":"Onaccent"},"image":{"@id":"https:\/\/www.onaccent.com\/#\/schema\/logo\/image\/"},"sameAs":["https:\/\/www.facebook.com\/onaccent","https:\/\/www.instagram.com\/on_accent\/","https:\/\/www.pinterest.es\/onaccent\/"]}]}},"_links":{"self":[{"href":"https:\/\/www.onaccent.com\/ca\/wp-json\/wp\/v2\/pages\/8358","targetHints":{"allow":["GET"]}}],"collection":[{"href":"https:\/\/www.onaccent.com\/ca\/wp-json\/wp\/v2\/pages"}],"about":[{"href":"https:\/\/www.onaccent.com\/ca\/wp-json\/wp\/v2\/types\/page"}],"author":[{"embeddable":true,"href":"https:\/\/www.onaccent.com\/ca\/wp-json\/wp\/v2\/users\/1"}],"replies":[{"embeddable":true,"href":"https:\/\/www.onaccent.com\/ca\/wp-json\/wp\/v2\/comments?post=8358"}],"version-history":[{"count":34,"href":"https:\/\/www.onaccent.com\/ca\/wp-json\/wp\/v2\/pages\/8358\/revisions"}],"predecessor-version":[{"id":13241,"href":"https:\/\/www.onaccent.com\/ca\/wp-json\/wp\/v2\/pages\/8358\/revisions\/13241"}],"wp:attachment":[{"href":"https:\/\/www.onaccent.com\/ca\/wp-json\/wp\/v2\/media?parent=8358"}],"curies":[{"name":"wp","href":"https:\/\/api.w.org\/{rel}","templated":true}]}}